{"id":1589,"date":"2023-05-03T13:53:39","date_gmt":"2023-05-03T11:53:39","guid":{"rendered":"https:\/\/rapidprototypingsolutions.se\/?page_id=1589"},"modified":"2026-02-03T21:09:43","modified_gmt":"2026-02-03T20:09:43","slug":"store","status":"publish","type":"page","link":"https:\/\/rapidprototypingsolutions.se\/en\/butik\/","title":{"rendered":"Store"},"content":{"rendered":"\n<h1 class=\"wp-block-heading\" id=\"h-butik\" style=\"font-style:normal;font-weight:300\">Butik<\/h1>\n\n\n\n<div class=\"wp-block-group is-layout-constrained wp-block-group-is-layout-constrained\" style=\"padding-top:var(--wp--preset--spacing--60);padding-bottom:var(--wp--preset--spacing--60)\"><div data-block-name=\"woocommerce\/product-category\" data-categories=\"[1417,1480,1418]\" data-columns=\"4\" data-edit-mode=\"false\" data-rows=\"4\" data-stock-status=\"[&quot;&quot;,&quot;instock&quot;,&quot;outofstock&quot;,&quot;onbackorder&quot;]\" class=\"wc-block-grid wp-block-product-category wp-block-woocommerce-product-category wc-block-product-category has-4-columns has-multiple-rows\"><ul class=\"wc-block-grid__products\"><li class=\"wc-block-grid__product\"><span class=\"gtm4wp_productdata\" style=\"display:none; visibility:hidden;\" data-gtm4wp_product_data=\"{&quot;internal_id&quot;:11970,&quot;item_id&quot;:11970,&quot;item_name&quot;:&quot;AI-genereringar f\\u00f6r 3D-modeller&quot;,&quot;sku&quot;:11970,&quot;price&quot;:50,&quot;stocklevel&quot;:null,&quot;stockstatus&quot;:&quot;instock&quot;,&quot;google_business_vertical&quot;:&quot;retail&quot;,&quot;item_category&quot;:&quot;Ladda upp din 3D-modell&quot;,&quot;id&quot;:11970,&quot;productlink&quot;:&quot;https:\\\/\\\/rapidprototypingsolutions.se\\\/en\\\/produkt\\\/ai-genereringar-for-3d-modeller\\\/&quot;,&quot;item_list_name&quot;:&quot;General Product List&quot;,&quot;index&quot;:0,&quot;product_type&quot;:&quot;variable&quot;,&quot;item_brand&quot;:&quot;&quot;}\"><\/span>\n\t\t\t\t<a href=\"https:\/\/rapidprototypingsolutions.se\/en\/produkt\/ai-genereringar-for-3d-modeller\/\" class=\"wc-block-grid__product-link\">\n\t\t\t\t\t<div class=\"wc-block-grid__product-onsale\">\n\t\t\t<span aria-hidden=\"true\">Sale<\/span>\n\t\t\t<span class=\"screen-reader-text\">Product on sale<\/span>\n\t\t<\/div>\n\t\t\t\t\t<div class=\"wc-block-grid__product-image\"><img loading=\"lazy\" decoding=\"async\" width=\"300\" height=\"300\" src=\"https:\/\/rapidprototypingsolutions.se\/wp-content\/uploads\/2026\/01\/3D-modell-AI-genereringar-300x300.webp\" class=\"attachment-woocommerce_thumbnail size-woocommerce_thumbnail\" alt=\"3D-modell AI-genereringar\" srcset=\"https:\/\/rapidprototypingsolutions.se\/wp-content\/uploads\/2026\/01\/3D-modell-AI-genereringar-300x300.webp 300w, https:\/\/rapidprototypingsolutions.se\/wp-content\/uploads\/2026\/01\/3D-modell-AI-genereringar-150x150.webp 150w, https:\/\/rapidprototypingsolutions.se\/wp-content\/uploads\/2026\/01\/3D-modell-AI-genereringar-768x768.webp 768w, https:\/\/rapidprototypingsolutions.se\/wp-content\/uploads\/2026\/01\/3D-modell-AI-genereringar-12x12.webp 12w, https:\/\/rapidprototypingsolutions.se\/wp-content\/uploads\/2026\/01\/3D-modell-AI-genereringar-600x600.webp 600w, https:\/\/rapidprototypingsolutions.se\/wp-content\/uploads\/2026\/01\/3D-modell-AI-genereringar-100x100.webp 100w, https:\/\/rapidprototypingsolutions.se\/wp-content\/uploads\/2026\/01\/3D-modell-AI-genereringar.webp 1024w\" sizes=\"auto, (max-width: 300px) 100vw, 300px\" \/><\/div>\n\t\t\t\t\t<div class=\"wc-block-grid__product-title\">AI-genereringar f\u00f6r 3D-modeller<\/div>\n\t\t\t\t<\/a>\n\t\t\t\t<div class=\"wc-block-grid__product-price price\"><span class=\"woocommerce-Price-amount amount\" aria-hidden=\"true\">50.00&nbsp;<span class=\"woocommerce-Price-currencySymbol\">&#107;&#114;<\/span><\/span> <span aria-hidden=\"true\">&ndash;<\/span> <span class=\"woocommerce-Price-amount amount\" aria-hidden=\"true\">195.00&nbsp;<span class=\"woocommerce-Price-currencySymbol\">&#107;&#114;<\/span><\/span><span class=\"screen-reader-text\">Price range: 50.00&nbsp;&#107;&#114; through 195.00&nbsp;&#107;&#114;<\/span><\/div>\n\t\t\t\t\n\t\t\t\t<div class=\"wp-block-button wc-block-grid__product-add-to-cart\"><a href=\"https:\/\/rapidprototypingsolutions.se\/en\/produkt\/ai-genereringar-for-3d-modeller\/\" aria-label=\"Select options for &ldquo;AI-genereringar f\u00f6r 3D-modeller&rdquo;\" data-quantity=\"1\" data-product_id=\"11970\" data-product_sku=\"\" data-price=\"50\" rel=\"nofollow\" class=\"wp-block-button__link wp-element-button add_to_cart_button\">Select options<\/a><\/div>\n\t\t\t<\/li><li class=\"wc-block-grid__product\"><span class=\"gtm4wp_productdata\" style=\"display:none; visibility:hidden;\" data-gtm4wp_product_data=\"{&quot;internal_id&quot;:713,&quot;item_id&quot;:713,&quot;item_name&quot;:&quot;3D Utskrift \\\/ 3D print&quot;,&quot;sku&quot;:713,&quot;price&quot;:45,&quot;stocklevel&quot;:99999,&quot;stockstatus&quot;:&quot;instock&quot;,&quot;google_business_vertical&quot;:&quot;retail&quot;,&quot;item_category&quot;:&quot;Ladda upp din 3D-modell&quot;,&quot;id&quot;:713,&quot;productlink&quot;:&quot;https:\\\/\\\/rapidprototypingsolutions.se\\\/en\\\/produkt\\\/bestall-3d-utskrift\\\/&quot;,&quot;item_list_name&quot;:&quot;General Product List&quot;,&quot;index&quot;:0,&quot;product_type&quot;:&quot;variable&quot;,&quot;item_brand&quot;:&quot;&quot;}\"><\/span>\n\t\t\t\t<a href=\"https:\/\/rapidprototypingsolutions.se\/en\/produkt\/bestall-3d-utskrift\/\" class=\"wc-block-grid__product-link\">\n\t\t\t\t\t\n\t\t\t\t\t<div class=\"wc-block-grid__product-image\"><img loading=\"lazy\" decoding=\"async\" width=\"300\" height=\"300\" src=\"https:\/\/rapidprototypingsolutions.se\/wp-content\/uploads\/2025\/06\/Bestall-3D-Utskrift-Sverige-300x300.webp\" class=\"attachment-woocommerce_thumbnail size-woocommerce_thumbnail\" alt=\"3D Utskrift \/ 3D print\" srcset=\"https:\/\/rapidprototypingsolutions.se\/wp-content\/uploads\/2025\/06\/Bestall-3D-Utskrift-Sverige-300x300.webp 300w, https:\/\/rapidprototypingsolutions.se\/wp-content\/uploads\/2025\/06\/Bestall-3D-Utskrift-Sverige-100x100.webp 100w, https:\/\/rapidprototypingsolutions.se\/wp-content\/uploads\/2025\/06\/Bestall-3D-Utskrift-Sverige-150x150.webp 150w, https:\/\/rapidprototypingsolutions.se\/wp-content\/uploads\/2025\/06\/Bestall-3D-Utskrift-Sverige-12x12.webp 12w\" sizes=\"auto, (max-width: 300px) 100vw, 300px\" \/><\/div>\n\t\t\t\t\t<div class=\"wc-block-grid__product-title\">3D Utskrift \/ 3D print<\/div>\n\t\t\t\t<\/a>\n\t\t\t\t<div class=\"wc-block-grid__product-price price\"><span class=\"woocommerce-Price-amount amount\">45.00&nbsp;<span class=\"woocommerce-Price-currencySymbol\">&#107;&#114;<\/span><\/span><\/div>\n\t\t\t\t<div class=\"wc-block-grid__product-rating\"><div class=\"star-rating\" role=\"img\" aria-label=\"Rated 4.84 out of 5\"><span style=\"width:96.8%\">Rated <strong class=\"rating\">4.84<\/strong> out of 5 based on <span class=\"rating\">199<\/span> customer ratings<\/span><\/div><\/div>\n\t\t\t\t<div class=\"wp-block-button wc-block-grid__product-add-to-cart\"><a href=\"https:\/\/rapidprototypingsolutions.se\/en\/produkt\/bestall-3d-utskrift\/\" aria-label=\"Select options for &ldquo;3D Utskrift \/ 3D print&rdquo;\" data-quantity=\"1\" data-product_id=\"713\" data-product_sku=\"\" data-price=\"45\" rel=\"nofollow\" class=\"wp-block-button__link wp-element-button add_to_cart_button\">Select options<\/a><\/div>\n\t\t\t<\/li><li class=\"wc-block-grid__product\"><span class=\"gtm4wp_productdata\" style=\"display:none; visibility:hidden;\" data-gtm4wp_product_data=\"{&quot;internal_id&quot;:4684,&quot;item_id&quot;:4684,&quot;item_name&quot;:&quot;3D-Utskrivna Litofanilampsk\\u00e4rmar (endast lampsk\\u00e4rm)&quot;,&quot;sku&quot;:4684,&quot;price&quot;:695,&quot;stocklevel&quot;:null,&quot;stockstatus&quot;:&quot;instock&quot;,&quot;google_business_vertical&quot;:&quot;retail&quot;,&quot;item_category&quot;:&quot;3D-utskrivna litofanier&quot;,&quot;id&quot;:4684,&quot;productlink&quot;:&quot;https:\\\/\\\/rapidprototypingsolutions.se\\\/en\\\/produkt\\\/litofani-lampskarm\\\/&quot;,&quot;item_list_name&quot;:&quot;General Product List&quot;,&quot;index&quot;:0,&quot;product_type&quot;:&quot;simple&quot;,&quot;item_brand&quot;:&quot;&quot;}\"><\/span>\n\t\t\t\t<a href=\"https:\/\/rapidprototypingsolutions.se\/en\/produkt\/litofani-lampskarm\/\" class=\"wc-block-grid__product-link\">\n\t\t\t\t\t\n\t\t\t\t\t<div class=\"wc-block-grid__product-image\"><img loading=\"lazy\" decoding=\"async\" width=\"300\" height=\"300\" src=\"https:\/\/rapidprototypingsolutions.se\/wp-content\/uploads\/2024\/06\/Litofanilampskarm-min-300x300.jpg\" class=\"attachment-woocommerce_thumbnail size-woocommerce_thumbnail\" alt=\"3D-Utskrivna Litofanilampsk\u00e4rmar (endast lampsk\u00e4rm)\" srcset=\"https:\/\/rapidprototypingsolutions.se\/wp-content\/uploads\/2024\/06\/Litofanilampskarm-min-300x300.jpg 300w, https:\/\/rapidprototypingsolutions.se\/wp-content\/uploads\/2024\/06\/Litofanilampskarm-min-100x100.jpg 100w, https:\/\/rapidprototypingsolutions.se\/wp-content\/uploads\/2024\/06\/Litofanilampskarm-min-600x600.jpg 600w, https:\/\/rapidprototypingsolutions.se\/wp-content\/uploads\/2024\/06\/Litofanilampskarm-min-150x150.jpg 150w, https:\/\/rapidprototypingsolutions.se\/wp-content\/uploads\/2024\/06\/Litofanilampskarm-min-768x768.jpg 768w, https:\/\/rapidprototypingsolutions.se\/wp-content\/uploads\/2024\/06\/Litofanilampskarm-min-12x12.jpg 12w, https:\/\/rapidprototypingsolutions.se\/wp-content\/uploads\/2024\/06\/Litofanilampskarm-min-800x800.jpg 800w, https:\/\/rapidprototypingsolutions.se\/wp-content\/uploads\/2024\/06\/Litofanilampskarm-min-400x400.jpg 400w, https:\/\/rapidprototypingsolutions.se\/wp-content\/uploads\/2024\/06\/Litofanilampskarm-min-200x200.jpg 200w, https:\/\/rapidprototypingsolutions.se\/wp-content\/uploads\/2024\/06\/Litofanilampskarm-min.jpg 1020w\" sizes=\"auto, (max-width: 300px) 100vw, 300px\" \/><\/div>\n\t\t\t\t\t<div class=\"wc-block-grid__product-title\">3D-Utskrivna Litofanilampsk\u00e4rmar (endast lampsk\u00e4rm)<\/div>\n\t\t\t\t<\/a>\n\t\t\t\t<div class=\"wc-block-grid__product-price price\"><span class=\"woocommerce-Price-amount amount\">695.00&nbsp;<span class=\"woocommerce-Price-currencySymbol\">&#107;&#114;<\/span><\/span><\/div>\n\t\t\t\t<div class=\"wc-block-grid__product-rating\"><div class=\"star-rating\" role=\"img\" aria-label=\"Rated 5.00 out of 5\"><span style=\"width:100%\">Rated <strong class=\"rating\">5.00<\/strong> out of 5 based on <span class=\"rating\">1<\/span> customer rating<\/span><\/div><\/div>\n\t\t\t\t<div class=\"wp-block-button wc-block-grid__product-add-to-cart\"><a href=\"\/en\/wp-json\/wp\/v2\/pages\/1589?add-to-cart=4684\" aria-label=\"Add to cart: &ldquo;3D-Utskrivna Litofanilampsk\u00e4rmar (endast lampsk\u00e4rm)&rdquo;\" data-quantity=\"1\" data-product_id=\"4684\" data-product_sku=\"\" data-price=\"695\" rel=\"nofollow\" class=\"wp-block-button__link wp-element-button add_to_cart_button ajax_add_to_cart\">Add to cart<\/a><\/div>\n\t\t\t<\/li><\/ul><\/div><\/div>\n","protected":false},"excerpt":{"rendered":"<p>Store<\/p>","protected":false},"author":230131358,"featured_media":0,"parent":0,"menu_order":0,"comment_status":"closed","ping_status":"closed","template":"wp-custom-template-header-and-footer-with-button-small","meta":{"_uag_custom_page_level_css":"","footnotes":""},"class_list":["post-1589","page","type-page","status-publish","hentry"],"yoast_head":"<!-- This site is optimized with the Yoast SEO plugin v27.4 - https:\/\/yoast.com\/product\/yoast-seo-wordpress\/ -->\n<title>Butik - Rapid Prototyping Solutions<\/title>\n<meta name=\"description\" content=\"I RPS butik finns det ett standardsortiment av 3D utskrifter till skr\u00e4ddarsydda l\u00f6sningar. Ladda upp din design och f\u00e5 den utskriven idag!\" \/>\n<meta name=\"robots\" content=\"index, follow, max-snippet:-1, max-image-preview:large, max-video-preview:-1\" \/>\n<link rel=\"canonical\" href=\"https:\/\/rapidprototypingsolutions.se\/en\/store\/\" \/>\n<meta property=\"og:locale\" content=\"en_US\" \/>\n<meta property=\"og:type\" content=\"article\" \/>\n<meta property=\"og:title\" content=\"Butik - Rapid Prototyping Solutions\" \/>\n<meta property=\"og:description\" content=\"I RPS butik finns det ett standardsortiment av 3D utskrifter till skr\u00e4ddarsydda l\u00f6sningar. Ladda upp din design och f\u00e5 den utskriven idag!\" \/>\n<meta property=\"og:url\" content=\"https:\/\/rapidprototypingsolutions.se\/en\/store\/\" \/>\n<meta property=\"og:site_name\" content=\"Rapid Prototyping Solutions\" \/>\n<meta property=\"article:publisher\" content=\"https:\/\/www.facebook.com\/people\/Rapid-Prototyping-Solutions\/100091247827427\/\" \/>\n<meta property=\"article:modified_time\" content=\"2026-02-03T20:09:43+00:00\" \/>\n<meta name=\"twitter:card\" content=\"summary_large_image\" \/>\n<meta name=\"twitter:label1\" content=\"Est. reading time\" \/>\n\t<meta name=\"twitter:data1\" content=\"1 minute\" \/>\n<script type=\"application\/ld+json\" class=\"yoast-schema-graph\">{\"@context\":\"https:\\\/\\\/schema.org\",\"@graph\":[{\"@type\":\"WebPage\",\"@id\":\"https:\\\/\\\/rapidprototypingsolutions.se\\\/butik\\\/\",\"url\":\"https:\\\/\\\/rapidprototypingsolutions.se\\\/butik\\\/\",\"name\":\"Butik - Rapid Prototyping Solutions\",\"isPartOf\":{\"@id\":\"https:\\\/\\\/rapidprototypingsolutions.se\\\/#website\"},\"datePublished\":\"2023-05-03T11:53:39+00:00\",\"dateModified\":\"2026-02-03T20:09:43+00:00\",\"description\":\"I RPS butik finns det ett standardsortiment av 3D utskrifter till skr\u00e4ddarsydda l\u00f6sningar. Ladda upp din design och f\u00e5 den utskriven idag!\",\"breadcrumb\":{\"@id\":\"https:\\\/\\\/rapidprototypingsolutions.se\\\/butik\\\/#breadcrumb\"},\"inLanguage\":\"en-US\",\"potentialAction\":[{\"@type\":\"ReadAction\",\"target\":[\"https:\\\/\\\/rapidprototypingsolutions.se\\\/butik\\\/\"]}]},{\"@type\":\"BreadcrumbList\",\"@id\":\"https:\\\/\\\/rapidprototypingsolutions.se\\\/butik\\\/#breadcrumb\",\"itemListElement\":[{\"@type\":\"ListItem\",\"position\":1,\"name\":\"Hem\",\"item\":\"https:\\\/\\\/rapidprototypingsolutions.se\\\/\"},{\"@type\":\"ListItem\",\"position\":2,\"name\":\"Butik\"}]},{\"@type\":\"WebSite\",\"@id\":\"https:\\\/\\\/rapidprototypingsolutions.se\\\/#website\",\"url\":\"https:\\\/\\\/rapidprototypingsolutions.se\\\/\",\"name\":\"Rapid Prototyping Solutions\",\"description\":\"Vi skriver ut er design.\",\"publisher\":{\"@id\":\"https:\\\/\\\/rapidprototypingsolutions.se\\\/#organization\"},\"potentialAction\":[{\"@type\":\"SearchAction\",\"target\":{\"@type\":\"EntryPoint\",\"urlTemplate\":\"https:\\\/\\\/rapidprototypingsolutions.se\\\/?s={search_term_string}\"},\"query-input\":{\"@type\":\"PropertyValueSpecification\",\"valueRequired\":true,\"valueName\":\"search_term_string\"}}],\"inLanguage\":\"en-US\"},{\"@type\":\"Organization\",\"@id\":\"https:\\\/\\\/rapidprototypingsolutions.se\\\/#organization\",\"name\":\"Rapid Prototyping Solutions\",\"url\":\"https:\\\/\\\/rapidprototypingsolutions.se\\\/\",\"logo\":{\"@type\":\"ImageObject\",\"inLanguage\":\"en-US\",\"@id\":\"https:\\\/\\\/rapidprototypingsolutions.se\\\/#\\\/schema\\\/logo\\\/image\\\/\",\"url\":\"https:\\\/\\\/rapidprototypingsolutions.se\\\/wp-content\\\/uploads\\\/2023\\\/06\\\/RPS_Logga-min.png\",\"contentUrl\":\"https:\\\/\\\/rapidprototypingsolutions.se\\\/wp-content\\\/uploads\\\/2023\\\/06\\\/RPS_Logga-min.png\",\"width\":1500,\"height\":1500,\"caption\":\"Rapid Prototyping Solutions\"},\"image\":{\"@id\":\"https:\\\/\\\/rapidprototypingsolutions.se\\\/#\\\/schema\\\/logo\\\/image\\\/\"},\"sameAs\":[\"https:\\\/\\\/www.facebook.com\\\/people\\\/Rapid-Prototyping-Solutions\\\/100091247827427\\\/\",\"https:\\\/\\\/www.instagram.com\\\/RapidPrototypingSolutions\\\/\",\"https:\\\/\\\/www.tiktok.com\\\/@rapidprototypesolutions?lang=en\"]}]}<\/script>\n<!-- \/ Yoast SEO plugin. -->","yoast_head_json":{"title":"Store - Rapid Prototyping Solutions","description":"The RPS shop offers a standard range of 3D prints to customized solutions. Upload your design and get it printed today!","robots":{"index":"index","follow":"follow","max-snippet":"max-snippet:-1","max-image-preview":"max-image-preview:large","max-video-preview":"max-video-preview:-1"},"canonical":"https:\/\/rapidprototypingsolutions.se\/en\/store\/","og_locale":"en_US","og_type":"article","og_title":"Butik - Rapid Prototyping Solutions","og_description":"I RPS butik finns det ett standardsortiment av 3D utskrifter till skr\u00e4ddarsydda l\u00f6sningar. Ladda upp din design och f\u00e5 den utskriven idag!","og_url":"https:\/\/rapidprototypingsolutions.se\/en\/store\/","og_site_name":"Rapid Prototyping Solutions","article_publisher":"https:\/\/www.facebook.com\/people\/Rapid-Prototyping-Solutions\/100091247827427\/","article_modified_time":"2026-02-03T20:09:43+00:00","twitter_card":"summary_large_image","twitter_misc":{"Est. reading time":"1 minute"},"schema":{"@context":"https:\/\/schema.org","@graph":[{"@type":"WebPage","@id":"https:\/\/rapidprototypingsolutions.se\/butik\/","url":"https:\/\/rapidprototypingsolutions.se\/butik\/","name":"Store - Rapid Prototyping Solutions","isPartOf":{"@id":"https:\/\/rapidprototypingsolutions.se\/#website"},"datePublished":"2023-05-03T11:53:39+00:00","dateModified":"2026-02-03T20:09:43+00:00","description":"The RPS shop offers a standard range of 3D prints to customized solutions. Upload your design and get it printed today!","breadcrumb":{"@id":"https:\/\/rapidprototypingsolutions.se\/butik\/#breadcrumb"},"inLanguage":"en-US","potentialAction":[{"@type":"ReadAction","target":["https:\/\/rapidprototypingsolutions.se\/butik\/"]}]},{"@type":"BreadcrumbList","@id":"https:\/\/rapidprototypingsolutions.se\/butik\/#breadcrumb","itemListElement":[{"@type":"ListItem","position":1,"name":"Hem","item":"https:\/\/rapidprototypingsolutions.se\/"},{"@type":"ListItem","position":2,"name":"Butik"}]},{"@type":"WebSite","@id":"https:\/\/rapidprototypingsolutions.se\/#website","url":"https:\/\/rapidprototypingsolutions.se\/","name":"Rapid Prototyping Solutions","description":"We 3D-print your design.","publisher":{"@id":"https:\/\/rapidprototypingsolutions.se\/#organization"},"potentialAction":[{"@type":"SearchAction","target":{"@type":"EntryPoint","urlTemplate":"https:\/\/rapidprototypingsolutions.se\/?s={search_term_string}"},"query-input":{"@type":"PropertyValueSpecification","valueRequired":true,"valueName":"search_term_string"}}],"inLanguage":"en-US"},{"@type":"Organization","@id":"https:\/\/rapidprototypingsolutions.se\/#organization","name":"Rapid Prototyping Solutions","url":"https:\/\/rapidprototypingsolutions.se\/","logo":{"@type":"ImageObject","inLanguage":"en-US","@id":"https:\/\/rapidprototypingsolutions.se\/#\/schema\/logo\/image\/","url":"https:\/\/rapidprototypingsolutions.se\/wp-content\/uploads\/2023\/06\/RPS_Logga-min.png","contentUrl":"https:\/\/rapidprototypingsolutions.se\/wp-content\/uploads\/2023\/06\/RPS_Logga-min.png","width":1500,"height":1500,"caption":"Rapid Prototyping Solutions"},"image":{"@id":"https:\/\/rapidprototypingsolutions.se\/#\/schema\/logo\/image\/"},"sameAs":["https:\/\/www.facebook.com\/people\/Rapid-Prototyping-Solutions\/100091247827427\/","https:\/\/www.instagram.com\/RapidPrototypingSolutions\/","https:\/\/www.tiktok.com\/@rapidprototypesolutions?lang=en"]}]}},"spectra_custom_meta":{"_edit_lock":["1770149592:230131358"],"_last_editor_used_jetpack":["block-editor"],"_wp_page_template":["wp-custom-template-header-and-footer-with-button-small"],"_edit_last":["230131358"],"_yoast_wpseo_estimated-reading-time-minutes":["1"],"_yoast_wpseo_wordproof_timestamp":[""],"_yoast_wpseo_metadesc":["I RPS butik finns det ett standardsortiment av 3D utskrifter till skr\u00e4ddarsydda l\u00f6sningar. Ladda upp din design och f\u00e5 den utskriven idag!"],"_trp_translated_slug_en_GB":["store"],"_yoast_indexnow_last_ping":["1723616637"],"_yoast_wpseo_focuskeywords":["[]"],"_yoast_wpseo_keywordsynonyms":["[\"\"]"],"_elementor_template_type":["wp-page"],"_elementor_data":["[{\"id\":\"4607b858\",\"elType\":\"section\",\"settings\":[],\"elements\":[{\"id\":\"54828f2\",\"elType\":\"column\",\"settings\":{\"_column_size\":100},\"elements\":[{\"id\":\"7c623a4\",\"elType\":\"widget\",\"settings\":{\"query_include\":[\"terms\"],\"query_include_term_ids\":[\"126\",\"63\",\"64\"],\"query_orderby\":\"popularity\",\"products_related_products_title_text\":\"Related Products\",\"products_upsells_title_text\":\"You may also like...\",\"products_cross_sells_title_text\":\"You may be interested in...\",\"title_color\":\"#FF7212\",\"title_typography_typography\":\"custom\",\"title_typography_font_family\":\"Roboto\",\"title_typography_font_weight\":\"400\",\"title_spacing\":{\"unit\":\"px\",\"size\":0,\"sizes\":[]},\"price_color\":\"#000000\",\"price_typography_typography\":\"custom\",\"price_typography_font_family\":\"Roboto\",\"price_typography_font_size\":{\"unit\":\"px\",\"size\":15,\"sizes\":[]},\"price_typography_font_weight\":\"400\",\"old_price_color\":\"#000000\",\"button_typography_typography\":\"custom\",\"button_typography_font_family\":\"Roboto\",\"button_typography_font_weight\":\"500\",\"old_price_typography_typography\":\"custom\",\"old_price_typography_font_family\":\"Roboto\",\"old_price_typography_font_weight\":\"600\",\"button_text_color\":\"#FFFFFF\",\"__globals__\":{\"button_text_color\":\"\"},\"title_typography_font_size\":{\"unit\":\"px\",\"size\":19,\"sizes\":[]},\"button_background_color\":\"#464646\"},\"elements\":[],\"widgetType\":\"woocommerce-products\"},{\"id\":\"69e694d4\",\"elType\":\"widget\",\"settings\":{\"editor\":\"<!-- wp:spacer {\\\"height\\\":\\\"3px\\\"} -->\\n<div style=\\\"height:3px\\\" aria-hidden=\\\"true\\\" class=\\\"wp-block-spacer\\\"><\\\/div>\\n<!-- \\\/wp:spacer -->\\n\\n<!-- wp:heading {\\\"level\\\":1,\\\"style\\\":{\\\"typography\\\":{\\\"fontStyle\\\":\\\"normal\\\",\\\"fontWeight\\\":\\\"300\\\"}}} -->\\n<h1 class=\\\"wp-block-heading\\\" id=\\\"h-butik\\\" style=\\\"font-style:normal;font-weight:300\\\">Butik<\\\/h1>\\n<!-- \\\/wp:heading -->\\n\\n<!-- wp:woocommerce\\\/product-category {\\\"categories\\\":[1417,1480,1418],\\\"editMode\\\":false} \\\/-->\\n\\n<!-- wp:spacer {\\\"height\\\":\\\"9px\\\"} -->\\n<div style=\\\"height:9px\\\" aria-hidden=\\\"true\\\" class=\\\"wp-block-spacer\\\"><\\\/div>\\n<!-- \\\/wp:spacer -->\\n\\n<!-- wp:shortcode -->\\n[products]\\n<!-- \\\/wp:shortcode -->\",\"hide_desktop\":\"hidden-desktop\",\"hide_tablet\":\"hidden-tablet\",\"hide_mobile\":\"hidden-mobile\",\"text_color\":\"#000000\",\"typography_typography\":\"custom\",\"typography_font_family\":\"Roboto\",\"typography_font_weight\":\"400\"},\"elements\":[],\"widgetType\":\"text-editor\"}],\"isInner\":false}],\"isInner\":false}]"],"_elementor_version":["3.23.4"],"_elementor_pro_version":["3.23.3"],"_trp_automatically_translated_slug_da_DK":["butik"],"_trp_automatically_translated_slug_fi":["shop"],"_trp_automatically_translated_slug_nb_NO":["butikk"],"_yoast_wpseo_content_score":["90"],"_elementor_controls_usage":["a:3:{s:11:\"text-editor\";a:3:{s:5:\"count\";i:1;s:15:\"control_percent\";i:3;s:8:\"controls\";a:3:{s:7:\"content\";a:1:{s:14:\"section_editor\";a:1:{s:6:\"editor\";i:1;}}s:8:\"advanced\";a:1:{s:19:\"_section_responsive\";a:3:{s:12:\"hide_desktop\";i:1;s:11:\"hide_tablet\";i:1;s:11:\"hide_mobile\";i:1;}}s:5:\"style\";a:1:{s:13:\"section_style\";a:4:{s:10:\"text_color\";i:1;s:21:\"typography_typography\";i:1;s:22:\"typography_font_family\";i:1;s:22:\"typography_font_weight\";i:1;}}}}s:6:\"column\";a:3:{s:5:\"count\";i:1;s:15:\"control_percent\";i:0;s:8:\"controls\";a:0:{}}s:7:\"section\";a:3:{s:5:\"count\";i:1;s:15:\"control_percent\";i:0;s:8:\"controls\";a:0:{}}}"],"_trp_automatically_translated_slug_es_ES":["tienda"],"_g_feedback_shortcode_e59350d9bc231e424e3b2180c39463fb93b4c1bb":["\n\t\t\t\t[contact-field label=\"Name\" type=\"name\"  required=\"true\" \/]\n\t\t\t\t[contact-field label=\"Email\" type=\"email\" required=\"true\" \/]\n\t\t\t\t[contact-field label=\"Website\" type=\"url\" \/]\n\t\t\t\t[contact-field label=\"Message\" type=\"textarea\" \/]"],"_g_feedback_shortcode_atts_e59350d9bc231e424e3b2180c39463fb93b4c1bb":["a:17:{s:2:\"to\";s:34:\"info@rapidprototypingsolutions.com\";s:7:\"subject\";s:35:\"[Rapid Prototyping Solutions] Butik\";s:12:\"show_subject\";s:2:\"no\";s:6:\"widget\";i:0;s:14:\"block_template\";N;s:19:\"block_template_part\";N;s:2:\"id\";i:1589;s:18:\"submit_button_text\";s:6:\"Submit\";s:14:\"customThankyou\";s:0:\"\";s:21:\"customThankyouHeading\";s:26:\"Your message has been sent\";s:21:\"customThankyouMessage\";s:30:\"Thank you for your submission!\";s:22:\"customThankyouRedirect\";s:0:\"\";s:10:\"jetpackCRM\";b:1;s:9:\"className\";N;s:9:\"postToUrl\";N;s:14:\"salesforceData\";N;s:12:\"hiddenFields\";N;}"],"ao_post_optimize":["a:6:{s:16:\"ao_post_optimize\";s:2:\"on\";s:19:\"ao_post_js_optimize\";s:2:\"on\";s:20:\"ao_post_css_optimize\";s:2:\"on\";s:12:\"ao_post_ccss\";s:2:\"on\";s:16:\"ao_post_lazyload\";s:2:\"on\";s:15:\"ao_post_preload\";s:0:\"\";}"],"_uag_css_file_name":["uag-css-1589.css"],"_uag_page_assets":["a:9:{s:3:\"css\";s:263:\".uag-blocks-common-selector{z-index:var(--z-index-desktop) !important}@media (max-width: 976px){.uag-blocks-common-selector{z-index:var(--z-index-tablet) !important}}@media (max-width: 767px){.uag-blocks-common-selector{z-index:var(--z-index-mobile) !important}}\n\";s:2:\"js\";s:0:\"\";s:18:\"current_block_list\";a:19:{i:0;s:10:\"core\/cover\";i:1;s:10:\"core\/group\";i:4;s:14:\"core\/site-logo\";i:5;s:15:\"core\/site-title\";i:8;s:15:\"core\/navigation\";i:9;s:28:\"woocommerce\/customer-account\";i:10;s:21:\"woocommerce\/cart-link\";i:14;s:14:\"core\/paragraph\";i:15;s:10:\"core\/image\";i:16;s:11:\"core\/spacer\";i:18;s:12:\"core\/heading\";i:19;s:12:\"core\/buttons\";i:20;s:11:\"core\/button\";i:22;s:17:\"core\/post-content\";i:24;s:12:\"core\/columns\";i:25;s:11:\"core\/column\";i:26;s:17:\"core\/social-links\";i:27;s:16:\"core\/social-link\";i:29;s:28:\"woocommerce\/product-category\";}s:8:\"uag_flag\";b:0;s:11:\"uag_version\";i:1777317919;s:6:\"gfonts\";a:0:{}s:10:\"gfonts_url\";s:0:\"\";s:12:\"gfonts_files\";a:0:{}s:14:\"uag_faq_layout\";b:0;}"]},"uagb_featured_image_src":{"full":false,"thumbnail":false,"medium":false,"medium_large":false,"large":false,"1536x1536":false,"2048x2048":false,"trp-custom-language-flag":false,"woocommerce_thumbnail":false,"woocommerce_single":false,"woocommerce_gallery_thumbnail":false},"uagb_author_info":{"display_name":"Rapid Prototyping Solutions","author_link":"https:\/\/rapidprototypingsolutions.se\/en\/kunskapsbank\/author\/rapidprototypingsolutions\/"},"uagb_comment_info":0,"uagb_excerpt":"Butik","_links":{"self":[{"href":"https:\/\/rapidprototypingsolutions.se\/en\/wp-json\/wp\/v2\/pages\/1589","targetHints":{"allow":["GET"]}}],"collection":[{"href":"https:\/\/rapidprototypingsolutions.se\/en\/wp-json\/wp\/v2\/pages"}],"about":[{"href":"https:\/\/rapidprototypingsolutions.se\/en\/wp-json\/wp\/v2\/types\/page"}],"author":[{"embeddable":true,"href":"https:\/\/rapidprototypingsolutions.se\/en\/wp-json\/wp\/v2\/users\/230131358"}],"replies":[{"embeddable":true,"href":"https:\/\/rapidprototypingsolutions.se\/en\/wp-json\/wp\/v2\/comments?post=1589"}],"version-history":[{"count":5,"href":"https:\/\/rapidprototypingsolutions.se\/en\/wp-json\/wp\/v2\/pages\/1589\/revisions"}],"predecessor-version":[{"id":12145,"href":"https:\/\/rapidprototypingsolutions.se\/en\/wp-json\/wp\/v2\/pages\/1589\/revisions\/12145"}],"wp:attachment":[{"href":"https:\/\/rapidprototypingsolutions.se\/en\/wp-json\/wp\/v2\/media?parent=1589"}],"curies":[{"name":"wp","href":"https:\/\/api.w.org\/{rel}","templated":true}]}}