{"id":4231,"date":"2024-04-03T21:49:36","date_gmt":"2024-04-03T19:49:36","guid":{"rendered":"https:\/\/rapidprototypingsolutions.se\/?page_id=4231"},"modified":"2025-09-30T11:16:15","modified_gmt":"2025-09-30T09:16:15","slug":"cart","status":"publish","type":"page","link":"https:\/\/rapidprototypingsolutions.se\/en\/varukorg\/","title":{"rendered":"Cart"},"content":{"rendered":"<div style=\"height:12px\" aria-hidden=\"true\" class=\"wp-block-spacer\"><\/div>\n\n\n\n<h1 class=\"wp-block-heading has-text-align-center\" id=\"h-varukorg\">Cart<\/h1>\n\n\n\n<div style=\"height:33px\" aria-hidden=\"true\" class=\"wp-block-spacer\"><\/div>\n\n\n\n\n\n\n<div style=\"height:48px\" aria-hidden=\"true\" class=\"wp-block-spacer\"><\/div>\n\n\n\n<p><\/p>","protected":false},"excerpt":{"rendered":"<p>Cart<\/p>","protected":false},"author":230131358,"featured_media":0,"parent":0,"menu_order":0,"comment_status":"closed","ping_status":"closed","template":"wp-custom-template-header-and-footer-with-button-small","meta":{"_uag_custom_page_level_css":"","footnotes":""},"class_list":["post-4231","page","type-page","status-publish","hentry"],"yoast_head":"<!-- This site is optimized with the Yoast SEO plugin v27.5 - https:\/\/yoast.com\/product\/yoast-seo-wordpress\/ -->\n<title>Varukorg - Rapid Prototyping Solutions<\/title>\n<meta name=\"description\" content=\"Rapid Prototyping Solutions - l\u00e4gg till din 3D utskrift eller produkter fr\u00e5n v\u00e5rt sortiment i din varukorg och best\u00e4ll!\" \/>\n<meta name=\"robots\" content=\"index, follow, max-snippet:-1, max-image-preview:large, max-video-preview:-1\" \/>\n<link rel=\"canonical\" href=\"https:\/\/rapidprototypingsolutions.se\/en\/cart\/\" \/>\n<meta property=\"og:locale\" content=\"en_US\" \/>\n<meta property=\"og:type\" content=\"article\" \/>\n<meta property=\"og:title\" content=\"Varukorg - Rapid Prototyping Solutions\" \/>\n<meta property=\"og:description\" content=\"Rapid Prototyping Solutions - l\u00e4gg till din 3D utskrift eller produkter fr\u00e5n v\u00e5rt sortiment i din varukorg och best\u00e4ll!\" \/>\n<meta property=\"og:url\" content=\"https:\/\/rapidprototypingsolutions.se\/en\/cart\/\" \/>\n<meta property=\"og:site_name\" content=\"Rapid Prototyping Solutions\" \/>\n<meta property=\"article:publisher\" content=\"https:\/\/www.facebook.com\/people\/Rapid-Prototyping-Solutions\/100091247827427\/\" \/>\n<meta property=\"article:modified_time\" content=\"2025-09-30T09:16:15+00:00\" \/>\n<meta name=\"twitter:card\" content=\"summary_large_image\" \/>\n<meta name=\"twitter:label1\" content=\"Est. reading time\" \/>\n\t<meta name=\"twitter:data1\" content=\"1 minute\" \/>\n<script type=\"application\/ld+json\" class=\"yoast-schema-graph\">{\"@context\":\"https:\\\/\\\/schema.org\",\"@graph\":[{\"@type\":\"WebPage\",\"@id\":\"https:\\\/\\\/rapidprototypingsolutions.se\\\/varukorg\\\/\",\"url\":\"https:\\\/\\\/rapidprototypingsolutions.se\\\/varukorg\\\/\",\"name\":\"Varukorg - Rapid Prototyping Solutions\",\"isPartOf\":{\"@id\":\"https:\\\/\\\/rapidprototypingsolutions.se\\\/#website\"},\"datePublished\":\"2024-04-03T19:49:36+00:00\",\"dateModified\":\"2025-09-30T09:16:15+00:00\",\"description\":\"Rapid Prototyping Solutions - l\u00e4gg till din 3D utskrift eller produkter fr\u00e5n v\u00e5rt sortiment i din varukorg och best\u00e4ll!\",\"breadcrumb\":{\"@id\":\"https:\\\/\\\/rapidprototypingsolutions.se\\\/varukorg\\\/#breadcrumb\"},\"inLanguage\":\"en-US\",\"potentialAction\":[{\"@type\":\"ReadAction\",\"target\":[\"https:\\\/\\\/rapidprototypingsolutions.se\\\/varukorg\\\/\"]}]},{\"@type\":\"BreadcrumbList\",\"@id\":\"https:\\\/\\\/rapidprototypingsolutions.se\\\/varukorg\\\/#breadcrumb\",\"itemListElement\":[{\"@type\":\"ListItem\",\"position\":1,\"name\":\"Hem\",\"item\":\"https:\\\/\\\/rapidprototypingsolutions.se\\\/\"},{\"@type\":\"ListItem\",\"position\":2,\"name\":\"Varukorg\"}]},{\"@type\":\"WebSite\",\"@id\":\"https:\\\/\\\/rapidprototypingsolutions.se\\\/#website\",\"url\":\"https:\\\/\\\/rapidprototypingsolutions.se\\\/\",\"name\":\"Rapid Prototyping Solutions\",\"description\":\"Vi skriver ut er design.\",\"publisher\":{\"@id\":\"https:\\\/\\\/rapidprototypingsolutions.se\\\/#organization\"},\"potentialAction\":[{\"@type\":\"SearchAction\",\"target\":{\"@type\":\"EntryPoint\",\"urlTemplate\":\"https:\\\/\\\/rapidprototypingsolutions.se\\\/?s={search_term_string}\"},\"query-input\":{\"@type\":\"PropertyValueSpecification\",\"valueRequired\":true,\"valueName\":\"search_term_string\"}}],\"inLanguage\":\"en-US\"},{\"@type\":\"Organization\",\"@id\":\"https:\\\/\\\/rapidprototypingsolutions.se\\\/#organization\",\"name\":\"Rapid Prototyping Solutions\",\"url\":\"https:\\\/\\\/rapidprototypingsolutions.se\\\/\",\"logo\":{\"@type\":\"ImageObject\",\"inLanguage\":\"en-US\",\"@id\":\"https:\\\/\\\/rapidprototypingsolutions.se\\\/#\\\/schema\\\/logo\\\/image\\\/\",\"url\":\"https:\\\/\\\/rapidprototypingsolutions.se\\\/wp-content\\\/uploads\\\/2023\\\/06\\\/RPS_Logga-min.png\",\"contentUrl\":\"https:\\\/\\\/rapidprototypingsolutions.se\\\/wp-content\\\/uploads\\\/2023\\\/06\\\/RPS_Logga-min.png\",\"width\":1500,\"height\":1500,\"caption\":\"Rapid Prototyping Solutions\"},\"image\":{\"@id\":\"https:\\\/\\\/rapidprototypingsolutions.se\\\/#\\\/schema\\\/logo\\\/image\\\/\"},\"sameAs\":[\"https:\\\/\\\/www.facebook.com\\\/people\\\/Rapid-Prototyping-Solutions\\\/100091247827427\\\/\",\"https:\\\/\\\/www.instagram.com\\\/RapidPrototypingSolutions\\\/\",\"https:\\\/\\\/www.tiktok.com\\\/@rapidprototypesolutions?lang=en\"]}]}<\/script>\n<!-- \/ Yoast SEO plugin. -->","yoast_head_json":{"title":"Shopping cart - Rapid Prototyping Solutions","description":"Rapid Prototyping Solutions - add your 3D printing or products from our range to your cart and order!","robots":{"index":"index","follow":"follow","max-snippet":"max-snippet:-1","max-image-preview":"max-image-preview:large","max-video-preview":"max-video-preview:-1"},"canonical":"https:\/\/rapidprototypingsolutions.se\/en\/cart\/","og_locale":"en_US","og_type":"article","og_title":"Varukorg - Rapid Prototyping Solutions","og_description":"Rapid Prototyping Solutions - l\u00e4gg till din 3D utskrift eller produkter fr\u00e5n v\u00e5rt sortiment i din varukorg och best\u00e4ll!","og_url":"https:\/\/rapidprototypingsolutions.se\/en\/cart\/","og_site_name":"Rapid Prototyping Solutions","article_publisher":"https:\/\/www.facebook.com\/people\/Rapid-Prototyping-Solutions\/100091247827427\/","article_modified_time":"2025-09-30T09:16:15+00:00","twitter_card":"summary_large_image","twitter_misc":{"Est. reading time":"1 minute"},"schema":{"@context":"https:\/\/schema.org","@graph":[{"@type":"WebPage","@id":"https:\/\/rapidprototypingsolutions.se\/varukorg\/","url":"https:\/\/rapidprototypingsolutions.se\/varukorg\/","name":"Shopping cart - Rapid Prototyping Solutions","isPartOf":{"@id":"https:\/\/rapidprototypingsolutions.se\/#website"},"datePublished":"2024-04-03T19:49:36+00:00","dateModified":"2025-09-30T09:16:15+00:00","description":"Rapid Prototyping Solutions - add your 3D printing or products from our range to your cart and order!","breadcrumb":{"@id":"https:\/\/rapidprototypingsolutions.se\/varukorg\/#breadcrumb"},"inLanguage":"en-US","potentialAction":[{"@type":"ReadAction","target":["https:\/\/rapidprototypingsolutions.se\/varukorg\/"]}]},{"@type":"BreadcrumbList","@id":"https:\/\/rapidprototypingsolutions.se\/varukorg\/#breadcrumb","itemListElement":[{"@type":"ListItem","position":1,"name":"Hem","item":"https:\/\/rapidprototypingsolutions.se\/"},{"@type":"ListItem","position":2,"name":"Varukorg"}]},{"@type":"WebSite","@id":"https:\/\/rapidprototypingsolutions.se\/#website","url":"https:\/\/rapidprototypingsolutions.se\/","name":"Rapid Prototyping Solutions","description":"We 3D-print your design.","publisher":{"@id":"https:\/\/rapidprototypingsolutions.se\/#organization"},"potentialAction":[{"@type":"SearchAction","target":{"@type":"EntryPoint","urlTemplate":"https:\/\/rapidprototypingsolutions.se\/?s={search_term_string}"},"query-input":{"@type":"PropertyValueSpecification","valueRequired":true,"valueName":"search_term_string"}}],"inLanguage":"en-US"},{"@type":"Organization","@id":"https:\/\/rapidprototypingsolutions.se\/#organization","name":"Rapid Prototyping Solutions","url":"https:\/\/rapidprototypingsolutions.se\/","logo":{"@type":"ImageObject","inLanguage":"en-US","@id":"https:\/\/rapidprototypingsolutions.se\/#\/schema\/logo\/image\/","url":"https:\/\/rapidprototypingsolutions.se\/wp-content\/uploads\/2023\/06\/RPS_Logga-min.png","contentUrl":"https:\/\/rapidprototypingsolutions.se\/wp-content\/uploads\/2023\/06\/RPS_Logga-min.png","width":1500,"height":1500,"caption":"Rapid Prototyping Solutions"},"image":{"@id":"https:\/\/rapidprototypingsolutions.se\/#\/schema\/logo\/image\/"},"sameAs":["https:\/\/www.facebook.com\/people\/Rapid-Prototyping-Solutions\/100091247827427\/","https:\/\/www.instagram.com\/RapidPrototypingSolutions\/","https:\/\/www.tiktok.com\/@rapidprototypesolutions?lang=en"]}]}},"spectra_custom_meta":{"_edit_lock":["1768250300:230131358"],"_last_editor_used_jetpack":["block-editor"],"_wp_page_template":["wp-custom-template-header-and-footer-with-button-small"],"_jetpack_post_was_ever_published":[""],"_starter_page_template":["blank"],"_wpcom_template_layout_category":["a:1:{i:0;s:5:\"about\";}"],"_edit_last":["230131358"],"_yoast_wpseo_focuskeywords":["[]"],"_yoast_wpseo_keywordsynonyms":["[\"\"]"],"_yoast_wpseo_estimated-reading-time-minutes":["1"],"_yoast_wpseo_wordproof_timestamp":[""],"_yoast_indexnow_last_ping":["1712782564"],"_yoast_wpseo_metadesc":["Rapid Prototyping Solutions - l\u00e4gg till din 3D utskrift eller produkter fr\u00e5n v\u00e5rt sortiment i din varukorg och best\u00e4ll!"],"_yoast_wpseo_linkdex":["51"],"_yoast_post_redirect_info":["a:4:{s:6:\"origin\";s:9:\"varukorg3\";s:6:\"target\";s:8:\"varukorg\";s:4:\"type\";i:301;s:6:\"format\";s:5:\"plain\";}"],"_trp_automatically_translated_slug_de_DE_formal":["einkaufskorb"],"_trp_automatically_translated_slug_fi":["ostoskori"],"_trp_automatically_translated_slug_en_GB":["shopping-basket"],"_trp_automatically_translated_slug_es_ES":["cesta-de-la-compra"],"_trp_automatically_translated_slug_da_DK":["indkobskurv"],"_trp_automatically_translated_slug_nb_NO":["handlekurv"],"_g_feedback_shortcode_a9fc6e382f6e54ea80ab65aeff14ba4227ab51dc":["\n\t\t\t\t[contact-field label=\"Name\" type=\"name\"  required=\"true\" \/]\n\t\t\t\t[contact-field label=\"Email\" type=\"email\" required=\"true\" \/]\n\t\t\t\t[contact-field label=\"Website\" type=\"url\" \/]\n\t\t\t\t[contact-field label=\"Message\" type=\"textarea\" \/]"],"_g_feedback_shortcode_atts_a9fc6e382f6e54ea80ab65aeff14ba4227ab51dc":["a:17:{s:2:\"to\";s:34:\"info@rapidprototypingsolutions.com\";s:7:\"subject\";s:38:\"[Rapid Prototyping Solutions] Varukorg\";s:12:\"show_subject\";s:2:\"no\";s:6:\"widget\";i:0;s:14:\"block_template\";N;s:19:\"block_template_part\";N;s:2:\"id\";i:4231;s:18:\"submit_button_text\";s:6:\"Submit\";s:14:\"customThankyou\";s:0:\"\";s:21:\"customThankyouHeading\";s:26:\"Your message has been sent\";s:21:\"customThankyouMessage\";s:30:\"Thank you for your submission!\";s:22:\"customThankyouRedirect\";s:0:\"\";s:10:\"jetpackCRM\";b:1;s:9:\"className\";N;s:9:\"postToUrl\";N;s:14:\"salesforceData\";N;s:12:\"hiddenFields\";N;}"],"_yoast_wpseo_content_score":["90"],"_uag_css_file_name":["uag-css-4231.css"],"_uag_page_assets":["a:9:{s:3:\"css\";s:260:\".uag-blocks-common-selector{z-index:var(--z-index-desktop) !important}@media(max-width: 976px){.uag-blocks-common-selector{z-index:var(--z-index-tablet) !important}}@media(max-width: 767px){.uag-blocks-common-selector{z-index:var(--z-index-mobile) !important}}\";s:2:\"js\";s:0:\"\";s:18:\"current_block_list\";a:18:{i:0;s:10:\"core\/group\";i:2;s:14:\"core\/paragraph\";i:3;s:10:\"core\/cover\";i:7;s:14:\"core\/site-logo\";i:8;s:15:\"core\/site-title\";i:11;s:15:\"core\/navigation\";i:12;s:28:\"woocommerce\/customer-account\";i:13;s:21:\"woocommerce\/cart-link\";i:14;s:10:\"core\/image\";i:15;s:11:\"core\/spacer\";i:17;s:12:\"core\/heading\";i:18;s:12:\"core\/buttons\";i:19;s:11:\"core\/button\";i:21;s:14:\"core\/shortcode\";i:23;s:12:\"core\/columns\";i:24;s:11:\"core\/column\";i:25;s:17:\"core\/social-links\";i:26;s:16:\"core\/social-link\";}s:8:\"uag_flag\";b:0;s:11:\"uag_version\";i:1777828739;s:6:\"gfonts\";a:0:{}s:10:\"gfonts_url\";s:0:\"\";s:12:\"gfonts_files\";a:0:{}s:14:\"uag_faq_layout\";b:0;}"]},"uagb_featured_image_src":{"full":false,"thumbnail":false,"medium":false,"medium_large":false,"large":false,"1536x1536":false,"2048x2048":false,"trp-custom-language-flag":false,"woocommerce_thumbnail":false,"woocommerce_single":false,"woocommerce_gallery_thumbnail":false},"uagb_author_info":{"display_name":"Rapid Prototyping Solutions","author_link":"https:\/\/rapidprototypingsolutions.se\/en\/kunskapsbank\/author\/rapidprototypingsolutions\/"},"uagb_comment_info":0,"uagb_excerpt":"Varukorg","_links":{"self":[{"href":"https:\/\/rapidprototypingsolutions.se\/en\/wp-json\/wp\/v2\/pages\/4231","targetHints":{"allow":["GET"]}}],"collection":[{"href":"https:\/\/rapidprototypingsolutions.se\/en\/wp-json\/wp\/v2\/pages"}],"about":[{"href":"https:\/\/rapidprototypingsolutions.se\/en\/wp-json\/wp\/v2\/types\/page"}],"author":[{"embeddable":true,"href":"https:\/\/rapidprototypingsolutions.se\/en\/wp-json\/wp\/v2\/users\/230131358"}],"replies":[{"embeddable":true,"href":"https:\/\/rapidprototypingsolutions.se\/en\/wp-json\/wp\/v2\/comments?post=4231"}],"version-history":[{"count":0,"href":"https:\/\/rapidprototypingsolutions.se\/en\/wp-json\/wp\/v2\/pages\/4231\/revisions"}],"wp:attachment":[{"href":"https:\/\/rapidprototypingsolutions.se\/en\/wp-json\/wp\/v2\/media?parent=4231"}],"curies":[{"name":"wp","href":"https:\/\/api.w.org\/{rel}","templated":true}]}}